{"id":51327,"date":"2020-05-03T22:19:34","date_gmt":"2020-05-03T21:19:34","guid":{"rendered":"https:\/\/lockandbefree.com\/?page_id=51327"},"modified":"2024-02-12T09:12:00","modified_gmt":"2024-02-12T08:12:00","slug":"contact-us","status":"publish","type":"page","link":"https:\/\/lockandbefree.com\/en\/contact-us","title":{"rendered":"Contact us"},"content":{"rendered":"<p>[et_pb_section fb_built=&#8221;1&#8243; specialty=&#8221;on&#8221; custom_padding_last_edited=&#8221;on|desktop&#8221; background_color_2=&#8221;#ffffff&#8221; padding_top_2=&#8221;40px&#8221; padding_right_2=&#8221;30px&#8221; padding_bottom_2=&#8221;40px&#8221; padding_left_2=&#8221;30px&#8221; padding_top_bottom_link_2=&#8221;true&#8221; padding_left_right_link_2=&#8221;true&#8221; padding_2_tablet=&#8221;0px|0px|0px|0px|true|true&#8221; padding_2_phone=&#8221;&#8221; padding_2_last_edited=&#8221;on|tablet&#8221; admin_label=&#8221;Header&#8221; _builder_version=&#8221;4.16&#8243; use_background_color_gradient=&#8221;on&#8221; background_color_gradient_direction=&#8221;90deg&#8221; background_color_gradient_stops=&#8221;#ffffff 65%|#edf000 65%&#8221; background_color_gradient_start=&#8221;#ffffff&#8221; background_color_gradient_start_position=&#8221;65%&#8221; background_color_gradient_end=&#8221;#edf000&#8243; background_color_gradient_end_position=&#8221;0%&#8221; custom_padding=&#8221;5vw||80px||false|false&#8221; custom_padding_tablet=&#8221;||0px||false|false&#8221; custom_padding_phone=&#8221;&#8221; background_last_edited=&#8221;on|tablet&#8221; use_background_color_gradient_tablet=&#8221;off&#8221; global_colors_info=&#8221;{}&#8221;][et_pb_column type=&#8221;1_2&#8243; specialty_columns=&#8221;2&#8243; _builder_version=&#8221;4.16&#8243; custom_padding=&#8221;|||&#8221; global_colors_info=&#8221;{}&#8221; custom_padding__hover=&#8221;|||&#8221;][et_pb_row_inner _builder_version=&#8221;4.16&#8243; global_colors_info=&#8221;{}&#8221;][et_pb_column_inner saved_specialty_column_type=&#8221;1_2&#8243; _builder_version=&#8221;4.16&#8243; global_colors_info=&#8221;{}&#8221;][et_pb_text _builder_version=&#8221;4.16&#8243; text_font=&#8221;||||||||&#8221; text_text_color=&#8221;rgba(85,101,112,0.8)&#8221; text_line_height=&#8221;1.8em&#8221; header_font=&#8221;|700|||||||&#8221; header_text_color=&#8221;#002d4c&#8221; header_font_size=&#8221;66px&#8221; header_line_height=&#8221;1.1em&#8221; header_3_font=&#8221;Cabin|700||on|||||&#8221; header_3_text_color=&#8221;#000000&#8243; header_3_font_size=&#8221;13px&#8221; header_3_letter_spacing=&#8221;6px&#8221; header_3_line_height=&#8221;1.4em&#8221; max_width=&#8221;36vw&#8221; max_width_tablet=&#8221;90%&#8221; max_width_phone=&#8221;100%&#8221; max_width_last_edited=&#8221;on|tablet&#8221; custom_margin=&#8221;||||false|false&#8221; text_font_size_tablet=&#8221;15px&#8221; text_font_size_phone=&#8221;14px&#8221; text_font_size_last_edited=&#8221;on|phone&#8221; header_font_size_tablet=&#8221;52px&#8221; header_font_size_phone=&#8221;38px&#8221; header_font_size_last_edited=&#8221;on|desktop&#8221; locked=&#8221;off&#8221; global_colors_info=&#8221;{}&#8221;]<\/p>\n<h3>Contact<\/h3>\n<h1>Contact us<\/h1>\n<p>We\u2019re here to help and answer any question you might have. We look forward to hearing from you \ud83d\ude42[\/et_pb_text][\/et_pb_column_inner][\/et_pb_row_inner][et_pb_row_inner column_structure=&#8221;1_2,1_2&#8243; _builder_version=&#8221;4.16&#8243; global_colors_info=&#8221;{}&#8221;][et_pb_column_inner type=&#8221;1_2&#8243; saved_specialty_column_type=&#8221;1_2&#8243; _builder_version=&#8221;4.16&#8243; global_colors_info=&#8221;{}&#8221;][et_pb_blurb title=&#8221;Call center&#8221; _builder_version=&#8221;4.16&#8243; header_font=&#8221;Cabin|700||on|||||&#8221; header_text_color=&#8221;#002d4c&#8221; header_font_size=&#8221;16px&#8221; header_letter_spacing=&#8221;1px&#8221; body_font=&#8221;Cabin||||||||&#8221; body_text_color=&#8221;rgba(85,101,112,0.8)&#8221; body_line_height=&#8221;1.8em&#8221; animation=&#8221;off&#8221; body_font_size_tablet=&#8221;15px&#8221; body_font_size_phone=&#8221;14px&#8221; body_font_size_last_edited=&#8221;off|desktop&#8221; locked=&#8221;off&#8221; global_colors_info=&#8221;{}&#8221; header_text_color__hover_enabled=&#8221;off|desktop&#8221; header_text_color__hover=&#8221;#ffffff&#8221; body_text_color__hover_enabled=&#8221;off|desktop&#8221; body_text_color__hover=&#8221;#ffffff&#8221;]+34 914 55 75 37<br \/>\n+34 917 27 42 60[\/et_pb_blurb][\/et_pb_column_inner][et_pb_column_inner type=&#8221;1_2&#8243; saved_specialty_column_type=&#8221;1_2&#8243; _builder_version=&#8221;4.16&#8243; global_colors_info=&#8221;{}&#8221;][et_pb_blurb title=&#8221;Email Us&#8221; _builder_version=&#8221;4.16&#8243; header_font=&#8221;Cabin|700||on|||||&#8221; header_text_color=&#8221;#002d4c&#8221; header_font_size=&#8221;16px&#8221; header_letter_spacing=&#8221;1px&#8221; body_font=&#8221;Cabin||||||||&#8221; body_text_color=&#8221;rgba(85,101,112,0.8)&#8221; body_line_height=&#8221;1.8em&#8221; animation=&#8221;off&#8221; body_font_size_tablet=&#8221;15px&#8221; body_font_size_phone=&#8221;14px&#8221; body_font_size_last_edited=&#8221;off|desktop&#8221; locked=&#8221;off&#8221; global_colors_info=&#8221;{}&#8221; header_text_color__hover_enabled=&#8221;off|desktop&#8221; header_text_color__hover=&#8221;#ffffff&#8221; body_text_color__hover_enabled=&#8221;off|desktop&#8221; body_text_color__hover=&#8221;#ffffff&#8221;]<\/p>\n<p><a href=\"mailto:info@lockandbefree.com\">info@lockandbefree.com<\/a><br \/><a href=\"mailto:lockandbefree@gmail.com\">lockandbefree@gmail.com<\/a><\/p>\n<p>&nbsp;<\/p>\n<p>[\/et_pb_blurb][\/et_pb_column_inner][\/et_pb_row_inner][\/et_pb_column][et_pb_column type=&#8221;1_2&#8243; _builder_version=&#8221;4.16&#8243; custom_padding=&#8221;|||&#8221; global_colors_info=&#8221;{}&#8221; custom_padding__hover=&#8221;|||&#8221;][dipl_form_styler form_type=&#8221;contact_form_7&#8243; cf7_form_id=&#8221;52908&#8243; input_custom_padding=&#8221;5px|5px|5px|5px|false|false&#8221; use_custom_radio=&#8221;on&#8221; use_custom_checkbox=&#8221;on&#8221; button_custom_padding=&#8221;5px|5px|5px|5px|false|false&#8221; submit_custom_padding=&#8221;10px|10px|10px|10px|false|false&#8221; submit_bg_color=&#8221;#eae218&#8243; _builder_version=&#8221;4.24.0&#8243; _module_preset=&#8221;default&#8221; label_font_size=&#8221;15px&#8221; input_font=&#8221;|300|||||||&#8221; input_font_size=&#8221;14px&#8221; placeholder_font=&#8221;|300|||||||&#8221; placeholder_font_size=&#8221;14px&#8221; text_orientation=&#8221;center&#8221; input_width=&#8221;76%&#8221; input_height=&#8221;32px&#8221; hover_enabled=&#8221;0&#8243; border_radii_input=&#8221;on|5px|5px|5px|5px&#8221; border_radii_submit_button=&#8221;on|5px|5px|5px|5px&#8221; box_shadow_style_submit_button=&#8221;preset3&#8243; global_colors_info=&#8221;{}&#8221; sticky_enabled=&#8221;0&#8243; locked=&#8221;off&#8221;][\/dipl_form_styler][\/et_pb_column][\/et_pb_section][et_pb_section fb_built=&#8221;1&#8243; _builder_version=&#8221;4.16&#8243; custom_padding=&#8221;0px||0px||true|&#8221; global_colors_info=&#8221;{}&#8221;][et_pb_row column_structure=&#8221;1_4,1_4,1_2&#8243; _builder_version=&#8221;4.16&#8243; width=&#8221;100%&#8221; max_width=&#8221;2560px&#8221; custom_margin=&#8221;0px||0px||false|false&#8221; custom_padding=&#8221;0px||0px||false|false&#8221; global_colors_info=&#8221;{}&#8221;][et_pb_column type=&#8221;1_4&#8243; _builder_version=&#8221;4.16&#8243; custom_padding=&#8221;3vw||3vw||true|false&#8221; global_colors_info=&#8221;{}&#8221;][et_pb_blurb title=&#8221;Madrid&#8221; image=&#8221;https:\/\/lockandbefree.com\/wp-content\/uploads\/2020\/02\/ICONOS-MAD-SE-GR-58.png&#8221; icon_placement=&#8221;left&#8221; content_max_width=&#8221;100%&#8221; admin_label=&#8221;Blurb&#8221; module_class=&#8221;free-simple free-icon-right free-square&#8221; _builder_version=&#8221;4.16&#8243; header_font=&#8221;|on||on|&#8221; body_font=&#8221;||||||||&#8221; body_font_size=&#8221;15px&#8221; body_line_height=&#8221;1.6em&#8221; background_size=&#8221;initial&#8221; background_position=&#8221;top_left&#8221; background_repeat=&#8221;repeat&#8221; min_height=&#8221;205px&#8221; custom_margin=&#8221;||||false|false&#8221; custom_margin_tablet=&#8221;|||&#8221; custom_padding=&#8221;|70px||50px|false|false&#8221; custom_padding_tablet=&#8221;&#8221; custom_padding_phone=&#8221;|55px||30px&#8221; custom_padding_last_edited=&#8221;on|phone&#8221; custom_css_main_element=&#8221;||&#8221; custom_css_blurb_title=&#8221;margin-bottom: 5px;&#8221; global_colors_info=&#8221;{}&#8221;]<\/p>\n<p>Jardines Str. 11,<br \/> +34 914 55 75 37<\/p>\n<p>Toledo Str. 41,<br \/> +34 917 27 42 60<\/p>\n<p><span>Calle de la Flor Alta 2,<\/span><br \/> <span>+34 660 03 46 84<\/span><\/p>\n<p>[\/et_pb_blurb][\/et_pb_column][et_pb_column type=&#8221;1_4&#8243; _builder_version=&#8221;4.16&#8243; custom_padding=&#8221;3vw||3vw||true|false&#8221; global_colors_info=&#8221;{}&#8221;][et_pb_blurb title=&#8221;Barcelona&#8221; image=&#8221;https:\/\/lockandbefree.com\/wp-content\/uploads\/2020\/02\/sagrada-80&#215;80-1.png&#8221; icon_placement=&#8221;left&#8221; content_max_width=&#8221;100%&#8221; admin_label=&#8221;Blurb&#8221; module_class=&#8221;free-simple free-icon-right free-square&#8221; _builder_version=&#8221;4.16&#8243; header_font=&#8221;|on||on|&#8221; body_font=&#8221;||||||||&#8221; body_font_size=&#8221;15px&#8221; body_line_height=&#8221;1.6em&#8221; background_size=&#8221;initial&#8221; background_position=&#8221;top_left&#8221; background_repeat=&#8221;repeat&#8221; min_height=&#8221;100px&#8221; custom_margin=&#8221;||||false|false&#8221; custom_margin_tablet=&#8221;|||&#8221; custom_padding=&#8221;|70px|0px|50px|false|false&#8221; custom_padding_tablet=&#8221;&#8221; custom_padding_phone=&#8221;|55px||30px&#8221; custom_padding_last_edited=&#8221;on|phone&#8221; custom_css_main_element=&#8221;||&#8221; custom_css_blurb_title=&#8221;margin-bottom: 5px;&#8221; global_colors_info=&#8221;{}&#8221;]<\/p>\n<p>Carrers de C\u00f2rsega 562,<br \/> +34 931 386 821<\/p>\n<p>[\/et_pb_blurb][et_pb_blurb title=&#8221;Valencia&#8221; image=&#8221;https:\/\/lockandbefree.com\/wp-content\/uploads\/2020\/02\/artesvalencia-80&#215;80-1.png&#8221; icon_placement=&#8221;left&#8221; content_max_width=&#8221;100%&#8221; admin_label=&#8221;Blurb&#8221; module_class=&#8221;free-simple free-icon-right free-square&#8221; _builder_version=&#8221;4.16&#8243; header_font=&#8221;|on||on|&#8221; body_font=&#8221;||||||||&#8221; body_font_size=&#8221;15px&#8221; body_line_height=&#8221;1.6em&#8221; background_size=&#8221;initial&#8221; background_position=&#8221;top_left&#8221; background_repeat=&#8221;repeat&#8221; custom_margin=&#8221;||||false|false&#8221; custom_margin_tablet=&#8221;|||&#8221; custom_padding=&#8221;|70px||50px|false|false&#8221; custom_padding_tablet=&#8221;&#8221; custom_padding_phone=&#8221;|55px||30px&#8221; custom_padding_last_edited=&#8221;on|phone&#8221; custom_css_main_element=&#8221;||&#8221; custom_css_blurb_title=&#8221;margin-bottom: 5px;&#8221; global_colors_info=&#8221;{}&#8221;]<\/p>\n<p>Carrer de Blanes 7,<br \/> +34 960 067 740<\/p>\n<p>[\/et_pb_blurb][\/et_pb_column][et_pb_column type=&#8221;1_2&#8243; _builder_version=&#8221;4.16&#8243; custom_padding=&#8221;0px||0px||false|false&#8221; global_colors_info=&#8221;{}&#8221;][et_pb_map address=&#8221;Espa\u00f1a&#8221; zoom_level=&#8221;6&#8243; address_lat=&#8221;40.463667&#8243; address_lng=&#8221;-3.74922&#8243; mouse_wheel=&#8221;off&#8221; mobile_dragging=&#8221;off&#8221; _builder_version=&#8221;4.16&#8243; min_height=&#8221;500px&#8221; max_height=&#8221;500px&#8221; custom_margin=&#8221;0px|0px|0px|0px|false|false&#8221; custom_padding=&#8221;0px|0px|0px|0px|false|false&#8221; global_colors_info=&#8221;{}&#8221;][et_pb_map_pin title=&#8221;Jardines 11&#8243; pin_address=&#8221;Calle de los Jardines, 11, 28013 Madrid, Espa\u00f1a&#8221; zoom_level=&#8221;13&#8243; pin_address_lat=&#8221;40.4190527&#8243; pin_address_lng=&#8221;-3.700938&#8243; _builder_version=&#8221;4.3.2&#8243; global_colors_info=&#8221;{}&#8221;][\/et_pb_map_pin][et_pb_map_pin title=&#8221;Jardines 11&#8243; pin_address=&#8221;Calle de Toledo, 41, 28005 Madrid, Espa\u00f1a&#8221; zoom_level=&#8221;13&#8243; pin_address_lat=&#8221;40.412461&#8243; pin_address_lng=&#8221;-3.707554&#8243; _builder_version=&#8221;4.3.2&#8243; global_colors_info=&#8221;{}&#8221;][\/et_pb_map_pin][et_pb_map_pin title=&#8221;Jardines 11&#8243; pin_address=&#8221;Calle de San Bartolom\u00e9, 8, 28004 Madrid, Espa\u00f1a&#8221; zoom_level=&#8221;13&#8243; pin_address_lat=&#8221;40.4217191&#8243; pin_address_lng=&#8221;-3.6983615&#8243; _builder_version=&#8221;4.3.2&#8243; global_colors_info=&#8221;{}&#8221;][\/et_pb_map_pin][et_pb_map_pin title=&#8221;Jardines 11&#8243; pin_address=&#8221;Carrer dels Mercaders, 22, 08003 Barcelona, Espa\u00f1a&#8221; zoom_level=&#8221;13&#8243; pin_address_lat=&#8221;41.3852436&#8243; pin_address_lng=&#8221;2.178041&#8243; _builder_version=&#8221;4.3.2&#8243; global_colors_info=&#8221;{}&#8221;][\/et_pb_map_pin][et_pb_map_pin title=&#8221;Carrer de C\u00f2rsega, Barcelona&#8221; pin_address=&#8221;Carrer de C\u00f2rsega, 562, 08025 Barcelona, Espa\u00f1a&#8221; zoom_level=&#8221;13&#8243; pin_address_lat=&#8221;41.407158&#8243; pin_address_lng=&#8221;2.1736233&#8243; _builder_version=&#8221;4.3.2&#8243; global_colors_info=&#8221;{}&#8221;][\/et_pb_map_pin][et_pb_map_pin title=&#8221;Carrer de Blanes 7, Valencia&#8221; pin_address=&#8221;Carrer de Blanes, 7, 46001 Val\u00e8ncia, Valencia, Espa\u00f1a&#8221; zoom_level=&#8221;13&#8243; pin_address_lat=&#8221;39.4729559&#8243; pin_address_lng=&#8221;-0.3783522&#8243; _builder_version=&#8221;4.3.2&#8243; global_colors_info=&#8221;{}&#8221;][\/et_pb_map_pin][\/et_pb_map][\/et_pb_column][\/et_pb_row][\/et_pb_section]<\/p>\n","protected":false},"excerpt":{"rendered":"<p>Contact Contact us We\u2019re here to help and answer any question you might have. We look forward to hearing from you \ud83d\ude42+34 914 55 75 37 +34 917 27 42 60info@lockandbefree.comlockandbefree@gmail.com &nbsp;<div class=\"et_pb_module dipl_form_styler dipl_form_styler_0\">\n\t\t\t\t\n\t\t\t\t\n\t\t\t\t\n\t\t\t\t\n\t\t\t\t\n\t\t\t\t\n\t\t\t\t<div class=\"et_pb_module_inner\">\n\t\t\t\t\t\n\t\t\t\t<\/div>\n\t\t\t<\/div><\/p>\n","protected":false},"author":1,"featured_media":0,"parent":0,"menu_order":0,"comment_status":"closed","ping_status":"closed","template":"","meta":{"_acf_changed":false,"_et_pb_use_builder":"on","_et_pb_old_content":"","_et_gb_content_width":"","footnotes":""},"class_list":["post-51327","page","type-page","status-publish","hentry"],"acf":[],"yoast_head":"<!-- This site is optimized with the Yoast SEO plugin v27.2 - https:\/\/yoast.com\/product\/yoast-seo-wordpress\/ -->\n<title>Any questions? Contact us | Lock &amp; Be Free<\/title>\n<meta name=\"description\" content=\"In Lock &amp; Be Free we are here to help you and answer your questions. We want to hear from you \ud83d\ude42\" \/>\n<meta name=\"robots\" content=\"index, follow, max-snippet:-1, max-image-preview:large, max-video-preview:-1\" \/>\n<link rel=\"canonical\" href=\"https:\/\/lockandbefree.com\/en\/contact-us\" \/>\n<meta property=\"og:locale\" content=\"en_US\" \/>\n<meta property=\"og:type\" content=\"article\" \/>\n<meta property=\"og:title\" content=\"Any questions? Contact us | Lock &amp; Be Free\" \/>\n<meta property=\"og:description\" content=\"In Lock &amp; Be Free we are here to help you and answer your questions. We want to hear from you \ud83d\ude42\" \/>\n<meta property=\"og:url\" content=\"https:\/\/lockandbefree.com\/en\/contact-us\" \/>\n<meta property=\"og:site_name\" content=\"Lock &amp; Be Free\" \/>\n<meta property=\"article:modified_time\" content=\"2024-02-12T08:12:00+00:00\" \/>\n<meta property=\"og:image\" content=\"https:\/\/lockandbefree.com\/wp-content\/uploads\/2020\/05\/79A8583.jpg\" \/>\n\t<meta property=\"og:image:width\" content=\"450\" \/>\n\t<meta property=\"og:image:height\" content=\"300\" \/>\n\t<meta property=\"og:image:type\" content=\"image\/jpeg\" \/>\n<meta name=\"twitter:card\" content=\"summary_large_image\" \/>\n<meta name=\"twitter:title\" content=\"Any questions? Contact us | Lock &amp; Be Free\" \/>\n<meta name=\"twitter:description\" content=\"In Lock &amp; Be Free we are here to help you and answer your questions. We want to hear from you \ud83d\ude42\" \/>\n<meta name=\"twitter:image\" content=\"https:\/\/lockandbefree.com\/wp-content\/uploads\/2020\/05\/79A8583.jpg\" \/>\n<meta name=\"twitter:label1\" content=\"Est. reading time\" \/>\n\t<meta name=\"twitter:data1\" content=\"7 minutes\" \/>\n<script type=\"application\/ld+json\" class=\"yoast-schema-graph\">{\"@context\":\"https:\/\/schema.org\",\"@graph\":[{\"@type\":\"WebPage\",\"@id\":\"https:\/\/lockandbefree.com\/en\/contact-us\",\"url\":\"https:\/\/lockandbefree.com\/en\/contact-us\",\"name\":\"Any questions? Contact us | Lock & Be Free\",\"isPartOf\":{\"@id\":\"https:\/\/lockandbefree.com\/en#website\"},\"datePublished\":\"2020-05-03T21:19:34+00:00\",\"dateModified\":\"2024-02-12T08:12:00+00:00\",\"description\":\"In Lock & Be Free we are here to help you and answer your questions. We want to hear from you \ud83d\ude42\",\"breadcrumb\":{\"@id\":\"https:\/\/lockandbefree.com\/en\/contact-us#breadcrumb\"},\"inLanguage\":\"en-US\",\"potentialAction\":[{\"@type\":\"ReadAction\",\"target\":[\"https:\/\/lockandbefree.com\/en\/contact-us\"]}]},{\"@type\":\"BreadcrumbList\",\"@id\":\"https:\/\/lockandbefree.com\/en\/contact-us#breadcrumb\",\"itemListElement\":[{\"@type\":\"ListItem\",\"position\":1,\"name\":\"Portada\",\"item\":\"https:\/\/lockandbefree.com\/en\"},{\"@type\":\"ListItem\",\"position\":2,\"name\":\"Contact us\"}]},{\"@type\":\"WebSite\",\"@id\":\"https:\/\/lockandbefree.com\/en#website\",\"url\":\"https:\/\/lockandbefree.com\/en\",\"name\":\"Lock &amp; Be Free\",\"description\":\"Consigna de equipaje en Madrid, Sevilla, Valencia y Barcelona\",\"publisher\":{\"@id\":\"https:\/\/lockandbefree.com\/en#organization\"},\"potentialAction\":[{\"@type\":\"SearchAction\",\"target\":{\"@type\":\"EntryPoint\",\"urlTemplate\":\"https:\/\/lockandbefree.com\/en?s={search_term_string}\"},\"query-input\":{\"@type\":\"PropertyValueSpecification\",\"valueRequired\":true,\"valueName\":\"search_term_string\"}}],\"inLanguage\":\"en-US\"},{\"@type\":\"Organization\",\"@id\":\"https:\/\/lockandbefree.com\/en#organization\",\"name\":\"Lock & Be Free\",\"url\":\"https:\/\/lockandbefree.com\/en\",\"logo\":{\"@type\":\"ImageObject\",\"inLanguage\":\"en-US\",\"@id\":\"https:\/\/lockandbefree.com\/en#\/schema\/logo\/image\/\",\"url\":\"https:\/\/lockandbefree.com\/wp-content\/uploads\/2020\/05\/lock-and-be-free-esp-logo.png\",\"contentUrl\":\"https:\/\/lockandbefree.com\/wp-content\/uploads\/2020\/05\/lock-and-be-free-esp-logo.png\",\"width\":452,\"height\":253,\"caption\":\"Lock & Be Free\"},\"image\":{\"@id\":\"https:\/\/lockandbefree.com\/en#\/schema\/logo\/image\/\"}}]}<\/script>\n<!-- \/ Yoast SEO plugin. -->","yoast_head_json":{"title":"Any questions? Contact us | Lock & Be Free","description":"In Lock & Be Free we are here to help you and answer your questions. We want to hear from you \ud83d\ude42","robots":{"index":"index","follow":"follow","max-snippet":"max-snippet:-1","max-image-preview":"max-image-preview:large","max-video-preview":"max-video-preview:-1"},"canonical":"https:\/\/lockandbefree.com\/en\/contact-us","og_locale":"en_US","og_type":"article","og_title":"Any questions? Contact us | Lock & Be Free","og_description":"In Lock & Be Free we are here to help you and answer your questions. We want to hear from you \ud83d\ude42","og_url":"https:\/\/lockandbefree.com\/en\/contact-us","og_site_name":"Lock &amp; Be Free","article_modified_time":"2024-02-12T08:12:00+00:00","og_image":[{"width":450,"height":300,"url":"https:\/\/lockandbefree.com\/wp-content\/uploads\/2020\/05\/79A8583.jpg","type":"image\/jpeg"}],"twitter_card":"summary_large_image","twitter_title":"Any questions? Contact us | Lock & Be Free","twitter_description":"In Lock & Be Free we are here to help you and answer your questions. We want to hear from you \ud83d\ude42","twitter_image":"https:\/\/lockandbefree.com\/wp-content\/uploads\/2020\/05\/79A8583.jpg","twitter_misc":{"Est. reading time":"7 minutes"},"schema":{"@context":"https:\/\/schema.org","@graph":[{"@type":"WebPage","@id":"https:\/\/lockandbefree.com\/en\/contact-us","url":"https:\/\/lockandbefree.com\/en\/contact-us","name":"Any questions? Contact us | Lock & Be Free","isPartOf":{"@id":"https:\/\/lockandbefree.com\/en#website"},"datePublished":"2020-05-03T21:19:34+00:00","dateModified":"2024-02-12T08:12:00+00:00","description":"In Lock & Be Free we are here to help you and answer your questions. We want to hear from you \ud83d\ude42","breadcrumb":{"@id":"https:\/\/lockandbefree.com\/en\/contact-us#breadcrumb"},"inLanguage":"en-US","potentialAction":[{"@type":"ReadAction","target":["https:\/\/lockandbefree.com\/en\/contact-us"]}]},{"@type":"BreadcrumbList","@id":"https:\/\/lockandbefree.com\/en\/contact-us#breadcrumb","itemListElement":[{"@type":"ListItem","position":1,"name":"Portada","item":"https:\/\/lockandbefree.com\/en"},{"@type":"ListItem","position":2,"name":"Contact us"}]},{"@type":"WebSite","@id":"https:\/\/lockandbefree.com\/en#website","url":"https:\/\/lockandbefree.com\/en","name":"Lock &amp; Be Free","description":"Consigna de equipaje en Madrid, Sevilla, Valencia y Barcelona","publisher":{"@id":"https:\/\/lockandbefree.com\/en#organization"},"potentialAction":[{"@type":"SearchAction","target":{"@type":"EntryPoint","urlTemplate":"https:\/\/lockandbefree.com\/en?s={search_term_string}"},"query-input":{"@type":"PropertyValueSpecification","valueRequired":true,"valueName":"search_term_string"}}],"inLanguage":"en-US"},{"@type":"Organization","@id":"https:\/\/lockandbefree.com\/en#organization","name":"Lock & Be Free","url":"https:\/\/lockandbefree.com\/en","logo":{"@type":"ImageObject","inLanguage":"en-US","@id":"https:\/\/lockandbefree.com\/en#\/schema\/logo\/image\/","url":"https:\/\/lockandbefree.com\/wp-content\/uploads\/2020\/05\/lock-and-be-free-esp-logo.png","contentUrl":"https:\/\/lockandbefree.com\/wp-content\/uploads\/2020\/05\/lock-and-be-free-esp-logo.png","width":452,"height":253,"caption":"Lock & Be Free"},"image":{"@id":"https:\/\/lockandbefree.com\/en#\/schema\/logo\/image\/"}}]}},"_links":{"self":[{"href":"https:\/\/lockandbefree.com\/en\/wp-json\/wp\/v2\/pages\/51327","targetHints":{"allow":["GET"]}}],"collection":[{"href":"https:\/\/lockandbefree.com\/en\/wp-json\/wp\/v2\/pages"}],"about":[{"href":"https:\/\/lockandbefree.com\/en\/wp-json\/wp\/v2\/types\/page"}],"author":[{"embeddable":true,"href":"https:\/\/lockandbefree.com\/en\/wp-json\/wp\/v2\/users\/1"}],"replies":[{"embeddable":true,"href":"https:\/\/lockandbefree.com\/en\/wp-json\/wp\/v2\/comments?post=51327"}],"version-history":[{"count":9,"href":"https:\/\/lockandbefree.com\/en\/wp-json\/wp\/v2\/pages\/51327\/revisions"}],"predecessor-version":[{"id":52911,"href":"https:\/\/lockandbefree.com\/en\/wp-json\/wp\/v2\/pages\/51327\/revisions\/52911"}],"wp:attachment":[{"href":"https:\/\/lockandbefree.com\/en\/wp-json\/wp\/v2\/media?parent=51327"}],"curies":[{"name":"wp","href":"https:\/\/api.w.org\/{rel}","templated":true}]}}