{"id":52115,"date":"2021-04-13T10:58:39","date_gmt":"2021-04-13T09:58:39","guid":{"rendered":"https:\/\/lockandbefree.com\/?page_id=52115"},"modified":"2021-08-30T13:30:36","modified_gmt":"2021-08-30T12:30:36","slug":"booking","status":"publish","type":"page","link":"https:\/\/lockandbefree.com\/en\/booking","title":{"rendered":"Booking"},"content":{"rendered":"\n[et_pb_section fb_built=&#8221;1&#8243; specialty=&#8221;on&#8221; custom_padding_last_edited=&#8221;on|desktop&#8221; background_color_2=&#8221;#ffffff&#8221; padding_top_bottom_link_2=&#8221;true&#8221; padding_left_right_link_2=&#8221;true&#8221; padding_top_2=&#8221;40px&#8221; padding_right_2=&#8221;30px&#8221; padding_bottom_2=&#8221;40px&#8221; padding_left_2=&#8221;30px&#8221; padding_2_tablet=&#8221;0px|0px|0px|0px|true|true&#8221; padding_2_phone=&#8221;&#8221; padding_2_last_edited=&#8221;on|tablet&#8221; admin_label=&#8221;Header&#8221; _builder_version=&#8221;4.4.5&#8243; use_background_color_gradient=&#8221;on&#8221; background_color_gradient_start=&#8221;#ffffff&#8221; background_color_gradient_end=&#8221;#edf000&#8243; background_color_gradient_direction=&#8221;90deg&#8221; background_color_gradient_start_position=&#8221;65%&#8221; background_color_gradient_end_position=&#8221;0%&#8221; custom_padding=&#8221;5vw||80px||false|false&#8221; custom_padding_tablet=&#8221;||0px||false|false&#8221; custom_padding_phone=&#8221;&#8221; background_last_edited=&#8221;on|tablet&#8221; use_background_color_gradient_tablet=&#8221;off&#8221;][et_pb_column type=&#8221;1_2&#8243; specialty_columns=&#8221;2&#8243; _builder_version=&#8221;3.25&#8243; custom_padding=&#8221;|||&#8221; custom_padding__hover=&#8221;|||&#8221;][et_pb_row_inner _builder_version=&#8221;4.0.8&#8243;][et_pb_column_inner saved_specialty_column_type=&#8221;1_2&#8243; _builder_version=&#8221;4.0.8&#8243;][et_pb_text _builder_version=&#8221;4.4.5&#8243; text_font=&#8221;||||||||&#8221; text_text_color=&#8221;rgba(85,101,112,0.8)&#8221; text_line_height=&#8221;1.8em&#8221; header_font=&#8221;|700|||||||&#8221; header_text_color=&#8221;#002d4c&#8221; header_font_size=&#8221;66px&#8221; header_line_height=&#8221;1.1em&#8221; header_3_font=&#8221;Cabin|700||on|||||&#8221; header_3_text_color=&#8221;#000000&#8243; header_3_font_size=&#8221;13px&#8221; header_3_letter_spacing=&#8221;6px&#8221; header_3_line_height=&#8221;1.4em&#8221; max_width=&#8221;36vw&#8221; max_width_tablet=&#8221;90%&#8221; max_width_phone=&#8221;100%&#8221; max_width_last_edited=&#8221;on|tablet&#8221; custom_margin=&#8221;||||false|false&#8221; hover_enabled=&#8221;0&#8243; text_font_size_tablet=&#8221;15px&#8221; text_font_size_phone=&#8221;14px&#8221; text_font_size_last_edited=&#8221;on|phone&#8221; header_font_size_tablet=&#8221;52px&#8221; header_font_size_phone=&#8221;38px&#8221; header_font_size_last_edited=&#8221;on|desktop&#8221; locked=&#8221;off&#8221;]<h3>Lock &amp; Be free<\/h3>\n<h1>Book with us<\/h1>\n<p><span class=\"Y2IQFc\" lang=\"en\"><span>We a<\/span>re\u00a0always\u00a0happy\u00a0to\u00a0receive\u00a0you. Book your luggage room now and pay after in the local. Live the city!\u00a0<\/span><span style=\"font-size: 18px;\">\ud83d\ude42<\/span><\/p>\n[\/et_pb_text][\/et_pb_column_inner][\/et_pb_row_inner][\/et_pb_column][et_pb_column type=&#8221;1_2&#8243; _builder_version=&#8221;3.25&#8243; custom_padding=&#8221;|||&#8221; custom_padding__hover=&#8221;|||&#8221;][et_pb_code _builder_version=&#8221;4.4.5&#8243; hover_enabled=&#8221;0&#8243;][caldera_form id=&#8221;CF60756a6e02e92&#8243;][\/et_pb_code][\/et_pb_column][\/et_pb_section][et_pb_section fb_built=&#8221;1&#8243; _builder_version=&#8221;4.3.2&#8243; custom_padding=&#8221;0px||0px||true|&#8221;][et_pb_row column_structure=&#8221;1_4,1_4,1_2&#8243; _builder_version=&#8221;4.3.2&#8243; width=&#8221;100%&#8221; max_width=&#8221;2560px&#8221; custom_margin=&#8221;0px||0px||false|false&#8221; custom_padding=&#8221;0px||0px||false|false&#8221;][et_pb_column type=&#8221;1_4&#8243; _builder_version=&#8221;4.3.2&#8243; custom_padding=&#8221;3vw||3vw||true|false&#8221;][et_pb_blurb title=&#8221;Madrid&#8221; image=&#8221;https:\/\/lockandbefree.com\/wp-content\/uploads\/2020\/02\/ICONOS-MAD-SE-GR-58.png&#8221; icon_placement=&#8221;left&#8221; content_max_width=&#8221;100%&#8221; admin_label=&#8221;Blurb&#8221; module_class=&#8221;free-simple free-icon-right free-square&#8221; _builder_version=&#8221;4.4.5&#8243; header_font=&#8221;|on||on|&#8221; body_font=&#8221;||||||||&#8221; body_font_size=&#8221;15px&#8221; body_line_height=&#8221;1.6em&#8221; background_size=&#8221;initial&#8221; background_position=&#8221;top_left&#8221; background_repeat=&#8221;repeat&#8221; min_height=&#8221;205px&#8221; custom_margin=&#8221;||||false|false&#8221; custom_margin_tablet=&#8221;|||&#8221; custom_padding=&#8221;|70px||50px|false|false&#8221; custom_padding_tablet=&#8221;&#8221; custom_padding_phone=&#8221;|55px||30px&#8221; custom_padding_last_edited=&#8221;on|phone&#8221; custom_css_main_element=&#8221;||&#8221; custom_css_blurb_title=&#8221;margin-bottom: 5px;&#8221;]<p>Jardines Str. 11,<br \/> +34 914 55 75 37<\/p>\n<p>Toledo Str. 41,<br \/> +34 917 27 42 60<\/p>\n<p><span>Calle de la Flor Alta 2,<\/span><br \/> <span>+34 660 03 46 84<\/span><\/p>[\/et_pb_blurb][\/et_pb_column][et_pb_column type=&#8221;1_4&#8243; _builder_version=&#8221;4.3.2&#8243; custom_padding=&#8221;3vw||3vw||true|false&#8221;][et_pb_blurb title=&#8221;Barcelona&#8221; image=&#8221;https:\/\/lockandbefree.com\/wp-content\/uploads\/2020\/02\/sagrada-80&#215;80-1.png&#8221; icon_placement=&#8221;left&#8221; content_max_width=&#8221;100%&#8221; admin_label=&#8221;Blurb&#8221; module_class=&#8221;free-simple free-icon-right free-square&#8221; _builder_version=&#8221;4.4.5&#8243; header_font=&#8221;|on||on|&#8221; body_font=&#8221;||||||||&#8221; body_font_size=&#8221;15px&#8221; body_line_height=&#8221;1.6em&#8221; background_size=&#8221;initial&#8221; background_position=&#8221;top_left&#8221; background_repeat=&#8221;repeat&#8221; min_height=&#8221;100px&#8221; custom_margin=&#8221;||||false|false&#8221; custom_margin_tablet=&#8221;|||&#8221; custom_padding=&#8221;|70px|0px|50px|false|false&#8221; custom_padding_tablet=&#8221;&#8221; custom_padding_phone=&#8221;|55px||30px&#8221; custom_padding_last_edited=&#8221;on|phone&#8221; custom_css_main_element=&#8221;||&#8221; custom_css_blurb_title=&#8221;margin-bottom: 5px;&#8221;]<p>Carrers de C\u00f2rsega 562,<br \/> +34 931 386 821<\/p>[\/et_pb_blurb][et_pb_blurb title=&#8221;Valencia&#8221; image=&#8221;https:\/\/lockandbefree.com\/wp-content\/uploads\/2020\/02\/artesvalencia-80&#215;80-1.png&#8221; icon_placement=&#8221;left&#8221; content_max_width=&#8221;100%&#8221; admin_label=&#8221;Blurb&#8221; module_class=&#8221;free-simple free-icon-right free-square&#8221; _builder_version=&#8221;4.3.2&#8243; header_font=&#8221;|on||on|&#8221; body_font=&#8221;||||||||&#8221; body_font_size=&#8221;15px&#8221; body_line_height=&#8221;1.6em&#8221; background_size=&#8221;initial&#8221; background_position=&#8221;top_left&#8221; background_repeat=&#8221;repeat&#8221; custom_margin=&#8221;||||false|false&#8221; custom_margin_tablet=&#8221;|||&#8221; custom_padding=&#8221;|70px||50px|false|false&#8221; custom_padding_tablet=&#8221;&#8221; custom_padding_phone=&#8221;|55px||30px&#8221; custom_padding_last_edited=&#8221;on|phone&#8221; custom_css_main_element=&#8221;||&#8221; custom_css_blurb_title=&#8221;margin-bottom: 5px;&#8221;]<p>Carrer de Blanes 7,<br \/> +34 960 067 740<\/p>[\/et_pb_blurb][\/et_pb_column][et_pb_column type=&#8221;1_2&#8243; _builder_version=&#8221;4.3.2&#8243; custom_padding=&#8221;0px||0px||false|false&#8221;][et_pb_map address=&#8221;Espa\u00f1a&#8221; zoom_level=&#8221;6&#8243; address_lat=&#8221;40.463667&#8243; address_lng=&#8221;-3.74922&#8243; mouse_wheel=&#8221;off&#8221; mobile_dragging=&#8221;off&#8221; _builder_version=&#8221;4.4.5&#8243; min_height=&#8221;500px&#8221; max_height=&#8221;500px&#8221; custom_margin=&#8221;0px|0px|0px|0px|false|false&#8221; custom_padding=&#8221;0px|0px|0px|0px|false|false&#8221;][et_pb_map_pin title=&#8221;Jardines 11&#8243; pin_address=&#8221;Calle de los Jardines, 11, 28013 Madrid, Espa\u00f1a&#8221; zoom_level=&#8221;13&#8243; pin_address_lat=&#8221;40.4190527&#8243; pin_address_lng=&#8221;-3.700938&#8243; _builder_version=&#8221;4.3.2&#8243;][\/et_pb_map_pin][et_pb_map_pin title=&#8221;Jardines 11&#8243; pin_address=&#8221;Calle de Toledo, 41, 28005 Madrid, Espa\u00f1a&#8221; zoom_level=&#8221;13&#8243; pin_address_lat=&#8221;40.412461&#8243; pin_address_lng=&#8221;-3.707554&#8243; _builder_version=&#8221;4.3.2&#8243;][\/et_pb_map_pin][et_pb_map_pin title=&#8221;Jardines 11&#8243; pin_address=&#8221;Calle de San Bartolom\u00e9, 8, 28004 Madrid, Espa\u00f1a&#8221; zoom_level=&#8221;13&#8243; pin_address_lat=&#8221;40.4217191&#8243; pin_address_lng=&#8221;-3.6983615&#8243; _builder_version=&#8221;4.3.2&#8243;][\/et_pb_map_pin][et_pb_map_pin title=&#8221;Jardines 11&#8243; pin_address=&#8221;Carrer dels Mercaders, 22, 08003 Barcelona, Espa\u00f1a&#8221; zoom_level=&#8221;13&#8243; pin_address_lat=&#8221;41.3852436&#8243; pin_address_lng=&#8221;2.178041&#8243; _builder_version=&#8221;4.3.2&#8243;][\/et_pb_map_pin][et_pb_map_pin title=&#8221;Carrer de C\u00f2rsega, Barcelona&#8221; pin_address=&#8221;Carrer de C\u00f2rsega, 562, 08025 Barcelona, Espa\u00f1a&#8221; zoom_level=&#8221;13&#8243; pin_address_lat=&#8221;41.407158&#8243; pin_address_lng=&#8221;2.1736233&#8243; _builder_version=&#8221;4.3.2&#8243;][\/et_pb_map_pin][et_pb_map_pin title=&#8221;Carrer de Blanes 7, Valencia&#8221; pin_address=&#8221;Carrer de Blanes, 7, 46001 Val\u00e8ncia, Valencia, Espa\u00f1a&#8221; zoom_level=&#8221;13&#8243; pin_address_lat=&#8221;39.4729559&#8243; pin_address_lng=&#8221;-0.3783522&#8243; _builder_version=&#8221;4.3.2&#8243;][\/et_pb_map_pin][\/et_pb_map][\/et_pb_column][\/et_pb_row][\/et_pb_section]\n","protected":false},"excerpt":{"rendered":"<p>Lock &amp; Be free Book with us We are\u00a0always\u00a0happy\u00a0to\u00a0receive\u00a0you. Book your luggage room now and pay after in the local. Live the city!\u00a0\ud83d\ude42 [caldera_form id=&#8221;CF60756a6e02e92&#8243;]Jardines Str. 11, +34 914 55 75 37 Toledo Str. 41, +34 917 27 42 60 Calle de la Flor Alta 2, +34 660 03 46 84Carrers de C\u00f2rsega 562, +34 [&hellip;]<\/p>\n","protected":false},"author":1,"featured_media":0,"parent":0,"menu_order":0,"comment_status":"closed","ping_status":"closed","template":"","meta":{"_acf_changed":false,"_et_pb_use_builder":"on","_et_pb_old_content":"","_et_gb_content_width":"","footnotes":""},"class_list":["post-52115","page","type-page","status-publish","hentry"],"acf":[],"yoast_head":"<!-- This site is optimized with the Yoast SEO plugin v27.2 - https:\/\/yoast.com\/product\/yoast-seo-wordpress\/ -->\n<title>Book your luggage storage now | Lock &amp; Be Free<\/title>\n<meta name=\"description\" content=\"Live the city! \ud83d\ude42 Book your luggage storage in Madrid, Barcelona or Valencia now, and pay on the local.\" \/>\n<meta name=\"robots\" content=\"index, follow, max-snippet:-1, max-image-preview:large, max-video-preview:-1\" \/>\n<link rel=\"canonical\" href=\"https:\/\/lockandbefree.com\/en\/booking\" \/>\n<meta property=\"og:locale\" content=\"en_US\" \/>\n<meta property=\"og:type\" content=\"article\" \/>\n<meta property=\"og:title\" content=\"Book your luggage storage now | Lock &amp; Be Free\" \/>\n<meta property=\"og:description\" content=\"Live the city! \ud83d\ude42 Book your luggage storage in Madrid, Barcelona or Valencia now, and pay on the local.\" \/>\n<meta property=\"og:url\" content=\"https:\/\/lockandbefree.com\/en\/booking\" \/>\n<meta property=\"og:site_name\" content=\"Lock &amp; Be Free\" \/>\n<meta property=\"article:modified_time\" content=\"2021-08-30T12:30:36+00:00\" \/>\n<meta property=\"og:image\" content=\"https:\/\/lockandbefree.com\/wp-content\/uploads\/2020\/05\/79A8398.jpg\" \/>\n\t<meta property=\"og:image:width\" content=\"450\" \/>\n\t<meta property=\"og:image:height\" content=\"300\" \/>\n\t<meta property=\"og:image:type\" content=\"image\/jpeg\" \/>\n<meta name=\"twitter:card\" content=\"summary_large_image\" \/>\n<meta name=\"twitter:title\" content=\"Book your luggage storage now | Lock &amp; Be Free\" \/>\n<meta name=\"twitter:description\" content=\"Live the city! \ud83d\ude42 Book your luggage storage in Madrid, Barcelona or Valencia now, and pay on the local.\" \/>\n<meta name=\"twitter:image\" content=\"https:\/\/lockandbefree.com\/wp-content\/uploads\/2020\/05\/79A8398.jpg\" \/>\n<meta name=\"twitter:label1\" content=\"Est. reading time\" \/>\n\t<meta name=\"twitter:data1\" content=\"5 minutes\" \/>\n<script type=\"application\/ld+json\" class=\"yoast-schema-graph\">{\"@context\":\"https:\/\/schema.org\",\"@graph\":[{\"@type\":\"WebPage\",\"@id\":\"https:\/\/lockandbefree.com\/en\/booking\",\"url\":\"https:\/\/lockandbefree.com\/en\/booking\",\"name\":\"Book your luggage storage now | Lock & Be Free\",\"isPartOf\":{\"@id\":\"https:\/\/lockandbefree.com\/en#website\"},\"datePublished\":\"2021-04-13T09:58:39+00:00\",\"dateModified\":\"2021-08-30T12:30:36+00:00\",\"description\":\"Live the city! \ud83d\ude42 Book your luggage storage in Madrid, Barcelona or Valencia now, and pay on the local.\",\"breadcrumb\":{\"@id\":\"https:\/\/lockandbefree.com\/en\/booking#breadcrumb\"},\"inLanguage\":\"en-US\",\"potentialAction\":[{\"@type\":\"ReadAction\",\"target\":[\"https:\/\/lockandbefree.com\/en\/booking\"]}]},{\"@type\":\"BreadcrumbList\",\"@id\":\"https:\/\/lockandbefree.com\/en\/booking#breadcrumb\",\"itemListElement\":[{\"@type\":\"ListItem\",\"position\":1,\"name\":\"Portada\",\"item\":\"https:\/\/lockandbefree.com\/en\"},{\"@type\":\"ListItem\",\"position\":2,\"name\":\"Booking\"}]},{\"@type\":\"WebSite\",\"@id\":\"https:\/\/lockandbefree.com\/en#website\",\"url\":\"https:\/\/lockandbefree.com\/en\",\"name\":\"Lock &amp; Be Free\",\"description\":\"Consigna de equipaje en Madrid, Sevilla, Valencia y Barcelona\",\"publisher\":{\"@id\":\"https:\/\/lockandbefree.com\/en#organization\"},\"potentialAction\":[{\"@type\":\"SearchAction\",\"target\":{\"@type\":\"EntryPoint\",\"urlTemplate\":\"https:\/\/lockandbefree.com\/en?s={search_term_string}\"},\"query-input\":{\"@type\":\"PropertyValueSpecification\",\"valueRequired\":true,\"valueName\":\"search_term_string\"}}],\"inLanguage\":\"en-US\"},{\"@type\":\"Organization\",\"@id\":\"https:\/\/lockandbefree.com\/en#organization\",\"name\":\"Lock & Be Free\",\"url\":\"https:\/\/lockandbefree.com\/en\",\"logo\":{\"@type\":\"ImageObject\",\"inLanguage\":\"en-US\",\"@id\":\"https:\/\/lockandbefree.com\/en#\/schema\/logo\/image\/\",\"url\":\"https:\/\/lockandbefree.com\/wp-content\/uploads\/2020\/05\/lock-and-be-free-esp-logo.png\",\"contentUrl\":\"https:\/\/lockandbefree.com\/wp-content\/uploads\/2020\/05\/lock-and-be-free-esp-logo.png\",\"width\":452,\"height\":253,\"caption\":\"Lock & Be Free\"},\"image\":{\"@id\":\"https:\/\/lockandbefree.com\/en#\/schema\/logo\/image\/\"}}]}<\/script>\n<!-- \/ Yoast SEO plugin. -->","yoast_head_json":{"title":"Book your luggage storage now | Lock & Be Free","description":"Live the city! \ud83d\ude42 Book your luggage storage in Madrid, Barcelona or Valencia now, and pay on the local.","robots":{"index":"index","follow":"follow","max-snippet":"max-snippet:-1","max-image-preview":"max-image-preview:large","max-video-preview":"max-video-preview:-1"},"canonical":"https:\/\/lockandbefree.com\/en\/booking","og_locale":"en_US","og_type":"article","og_title":"Book your luggage storage now | Lock & Be Free","og_description":"Live the city! \ud83d\ude42 Book your luggage storage in Madrid, Barcelona or Valencia now, and pay on the local.","og_url":"https:\/\/lockandbefree.com\/en\/booking","og_site_name":"Lock &amp; Be Free","article_modified_time":"2021-08-30T12:30:36+00:00","og_image":[{"width":450,"height":300,"url":"https:\/\/lockandbefree.com\/wp-content\/uploads\/2020\/05\/79A8398.jpg","type":"image\/jpeg"}],"twitter_card":"summary_large_image","twitter_title":"Book your luggage storage now | Lock & Be Free","twitter_description":"Live the city! \ud83d\ude42 Book your luggage storage in Madrid, Barcelona or Valencia now, and pay on the local.","twitter_image":"https:\/\/lockandbefree.com\/wp-content\/uploads\/2020\/05\/79A8398.jpg","twitter_misc":{"Est. reading time":"5 minutes"},"schema":{"@context":"https:\/\/schema.org","@graph":[{"@type":"WebPage","@id":"https:\/\/lockandbefree.com\/en\/booking","url":"https:\/\/lockandbefree.com\/en\/booking","name":"Book your luggage storage now | Lock & Be Free","isPartOf":{"@id":"https:\/\/lockandbefree.com\/en#website"},"datePublished":"2021-04-13T09:58:39+00:00","dateModified":"2021-08-30T12:30:36+00:00","description":"Live the city! \ud83d\ude42 Book your luggage storage in Madrid, Barcelona or Valencia now, and pay on the local.","breadcrumb":{"@id":"https:\/\/lockandbefree.com\/en\/booking#breadcrumb"},"inLanguage":"en-US","potentialAction":[{"@type":"ReadAction","target":["https:\/\/lockandbefree.com\/en\/booking"]}]},{"@type":"BreadcrumbList","@id":"https:\/\/lockandbefree.com\/en\/booking#breadcrumb","itemListElement":[{"@type":"ListItem","position":1,"name":"Portada","item":"https:\/\/lockandbefree.com\/en"},{"@type":"ListItem","position":2,"name":"Booking"}]},{"@type":"WebSite","@id":"https:\/\/lockandbefree.com\/en#website","url":"https:\/\/lockandbefree.com\/en","name":"Lock &amp; Be Free","description":"Consigna de equipaje en Madrid, Sevilla, Valencia y Barcelona","publisher":{"@id":"https:\/\/lockandbefree.com\/en#organization"},"potentialAction":[{"@type":"SearchAction","target":{"@type":"EntryPoint","urlTemplate":"https:\/\/lockandbefree.com\/en?s={search_term_string}"},"query-input":{"@type":"PropertyValueSpecification","valueRequired":true,"valueName":"search_term_string"}}],"inLanguage":"en-US"},{"@type":"Organization","@id":"https:\/\/lockandbefree.com\/en#organization","name":"Lock & Be Free","url":"https:\/\/lockandbefree.com\/en","logo":{"@type":"ImageObject","inLanguage":"en-US","@id":"https:\/\/lockandbefree.com\/en#\/schema\/logo\/image\/","url":"https:\/\/lockandbefree.com\/wp-content\/uploads\/2020\/05\/lock-and-be-free-esp-logo.png","contentUrl":"https:\/\/lockandbefree.com\/wp-content\/uploads\/2020\/05\/lock-and-be-free-esp-logo.png","width":452,"height":253,"caption":"Lock & Be Free"},"image":{"@id":"https:\/\/lockandbefree.com\/en#\/schema\/logo\/image\/"}}]}},"_links":{"self":[{"href":"https:\/\/lockandbefree.com\/en\/wp-json\/wp\/v2\/pages\/52115","targetHints":{"allow":["GET"]}}],"collection":[{"href":"https:\/\/lockandbefree.com\/en\/wp-json\/wp\/v2\/pages"}],"about":[{"href":"https:\/\/lockandbefree.com\/en\/wp-json\/wp\/v2\/types\/page"}],"author":[{"embeddable":true,"href":"https:\/\/lockandbefree.com\/en\/wp-json\/wp\/v2\/users\/1"}],"replies":[{"embeddable":true,"href":"https:\/\/lockandbefree.com\/en\/wp-json\/wp\/v2\/comments?post=52115"}],"version-history":[{"count":4,"href":"https:\/\/lockandbefree.com\/en\/wp-json\/wp\/v2\/pages\/52115\/revisions"}],"predecessor-version":[{"id":52159,"href":"https:\/\/lockandbefree.com\/en\/wp-json\/wp\/v2\/pages\/52115\/revisions\/52159"}],"wp:attachment":[{"href":"https:\/\/lockandbefree.com\/en\/wp-json\/wp\/v2\/media?parent=52115"}],"curies":[{"name":"wp","href":"https:\/\/api.w.org\/{rel}","templated":true}]}}